{"id":557,"date":"2025-10-27T11:27:24","date_gmt":"2025-10-27T10:27:24","guid":{"rendered":"https:\/\/carbon4polska.pl\/?page_id=557"},"modified":"2025-10-27T11:29:55","modified_gmt":"2025-10-27T10:29:55","slug":"ogrzewanie-budynkow-zabytkowych","status":"publish","type":"page","link":"https:\/\/carbon4polska.pl\/?page_id=557","title":{"rendered":"Ogrzewanie budynk\u00f3w zabytkowych"},"content":{"rendered":"\t\t<div data-elementor-type=\"wp-page\" data-elementor-id=\"557\" class=\"elementor elementor-557\" data-elementor-settings=\"{&quot;ha_cmc_init_switcher&quot;:&quot;no&quot;}\">\n\t\t\t\t<div class=\"elementor-element elementor-element-ffa3276 e-flex e-con-boxed e-con e-parent\" data-id=\"ffa3276\" data-element_type=\"container\" data-settings=\"{&quot;_ha_eqh_enable&quot;:false}\">\n\t\t\t\t\t<div class=\"e-con-inner\">\n\t\t\t\t<div class=\"elementor-element elementor-element-ec52d0d elementor-widget elementor-widget-spacer\" data-id=\"ec52d0d\" data-element_type=\"widget\" data-widget_type=\"spacer.default\">\n\t\t\t\t\t\t\t<div class=\"elementor-spacer\">\n\t\t\t<div class=\"elementor-spacer-inner\"><\/div>\n\t\t<\/div>\n\t\t\t\t\t\t<\/div>\n\t\t\t\t<div class=\"elementor-element elementor-element-605637f elementor-widget elementor-widget-heading\" data-id=\"605637f\" data-element_type=\"widget\" data-widget_type=\"heading.default\">\n\t\t\t\t\t<h2 class=\"elementor-heading-title elementor-size-default\">Rewolucja w ogrzewaniu zabytk\u00f3w i wilgotnych mur\u00f3w<\/h2>\t\t\t\t<\/div>\n\t\t\t\t\t<\/div>\n\t\t\t\t<\/div>\n\t\t<div class=\"elementor-element elementor-element-3c3dd91 e-flex e-con-boxed e-con e-parent\" data-id=\"3c3dd91\" data-element_type=\"container\" data-settings=\"{&quot;_ha_eqh_enable&quot;:false}\">\n\t\t\t\t\t<div class=\"e-con-inner\">\n\t\t\t\t<div class=\"elementor-element elementor-element-ae88bb6 elementor-widget elementor-widget-heading\" data-id=\"ae88bb6\" data-element_type=\"widget\" data-widget_type=\"heading.default\">\n\t\t\t\t\t<h4 class=\"elementor-heading-title elementor-size-default\">Farba grzewcza Carbon4 to innowacyjne rozwi\u0105zanie, kt\u00f3re \u0142\u0105czy technologi\u0119 ogrzewania z estetyk\u0105 i bezpiecze\u0144stwem konstrukcji.\nW budynkach zabytkowych, gdzie ka\u017cda ingerencja w struktur\u0119 sufit\u00f3w lub \u015bcian jest ograniczona, p\u0142ynna pow\u0142oka grzewcza staje si\u0119 cz\u0119sto jedynym skutecznym sposobem ogrzewania i osuszania bez konieczno\u015bci kucia, wymiany tynk\u00f3w czy instalacji tradycyjnych grzejnik\u00f3w.<\/h4>\t\t\t\t<\/div>\n\t\t\t\t\t<\/div>\n\t\t\t\t<\/div>\n\t\t<div class=\"elementor-element elementor-element-1728a50 e-flex e-con-boxed e-con e-parent\" data-id=\"1728a50\" data-element_type=\"container\" data-settings=\"{&quot;_ha_eqh_enable&quot;:false}\">\n\t\t\t\t\t<div class=\"e-con-inner\">\n\t\t\t\t<div class=\"elementor-element elementor-element-b441a88 elementor-widget elementor-widget-image\" data-id=\"b441a88\" data-element_type=\"widget\" data-widget_type=\"image.default\">\n\t\t\t\t\t\t\t\t\t\t\t\t\t\t\t<img fetchpriority=\"high\" decoding=\"async\" width=\"800\" height=\"373\" src=\"https:\/\/carbon4polska.pl\/wp-content\/uploads\/2025\/10\/IMG_3878-2-1024x478.jpeg\" class=\"attachment-large size-large wp-image-437\" alt=\"\" srcset=\"https:\/\/carbon4polska.pl\/wp-content\/uploads\/2025\/10\/IMG_3878-2-1024x478.jpeg 1024w, https:\/\/carbon4polska.pl\/wp-content\/uploads\/2025\/10\/IMG_3878-2-300x140.jpeg 300w, https:\/\/carbon4polska.pl\/wp-content\/uploads\/2025\/10\/IMG_3878-2-768x359.jpeg 768w, https:\/\/carbon4polska.pl\/wp-content\/uploads\/2025\/10\/IMG_3878-2-1536x717.jpeg 1536w, https:\/\/carbon4polska.pl\/wp-content\/uploads\/2025\/10\/IMG_3878-2.webp 1600w\" sizes=\"(max-width: 800px) 100vw, 800px\" \/>\t\t\t\t\t\t\t\t\t\t\t\t\t\t\t<\/div>\n\t\t\t\t<div class=\"elementor-element elementor-element-eda0634 elementor-widget elementor-widget-heading\" data-id=\"eda0634\" data-element_type=\"widget\" data-widget_type=\"heading.default\">\n\t\t\t\t\t<h2 class=\"elementor-heading-title elementor-size-default\">Dlaczego farba grzewcza Carbon4 sprawdza si\u0119 w zabytkach?<\/h2>\t\t\t\t<\/div>\n\t\t\t\t<div class=\"elementor-element elementor-element-36c07a7 elementor-widget elementor-widget-text-editor\" data-id=\"36c07a7\" data-element_type=\"widget\" data-widget_type=\"text-editor.default\">\n\t\t\t\t\t\t\t\t\t<p>Stare budynki bardzo cz\u0119sto borykaj\u0105 si\u0119 z problemem <strong data-start=\"1081\" data-end=\"1117\">zawilgoconych i zasolonych mur\u00f3w<\/strong>, kt\u00f3re z biegiem lat trac\u0105 swoje w\u0142a\u015bciwo\u015bci izolacyjne.<\/p>\t\t\t\t\t\t\t\t<\/div>\n\t\t\t\t<div class=\"elementor-element elementor-element-bd540fe elementor-widget elementor-widget-heading\" data-id=\"bd540fe\" data-element_type=\"widget\" data-widget_type=\"heading.default\">\n\t\t\t\t\t<h2 class=\"elementor-heading-title elementor-size-default\">Farba grzewcza Carbon4 pozwala skutecznie rozwi\u0105za\u0107 ten problem, oferuj\u0105c:<\/h2>\t\t\t\t<\/div>\n\t\t\t\t<div class=\"elementor-element elementor-element-3c2095b elementor-widget elementor-widget-text-editor\" data-id=\"3c2095b\" data-element_type=\"widget\" data-widget_type=\"text-editor.default\">\n\t\t\t\t\t\t\t\t\t<ul><li data-start=\"1259\" data-end=\"1379\"><p data-start=\"1261\" data-end=\"1379\"><strong data-start=\"1261\" data-end=\"1319\">Bezpieczne ogrzewanie bez naruszania konstrukcji mur\u00f3w<\/strong> \u2013 nie wymaga instalacji rur, kaloryfer\u00f3w ani kucia \u015bcian.<\/p><\/li><li data-start=\"1259\" data-end=\"1379\"><p data-start=\"1261\" data-end=\"1379\"><strong data-start=\"1382\" data-end=\"1411\">Skuteczne osuszanie \u015bcian<\/strong> \u2013 system dzia\u0142a od wewn\u0105trz, usuwaj\u0105c wilgo\u0107 i chroni\u0105c przed jej powrotem.<\/p><\/li><li data-start=\"1259\" data-end=\"1379\"><p data-start=\"1261\" data-end=\"1379\"><strong data-start=\"1492\" data-end=\"1535\">Zachowanie oryginalnego wygl\u0105du budynku<\/strong> \u2013 ogrzewanie pozostaje ca\u0142kowicie niewidoczne.<\/p><\/li><li data-start=\"1259\" data-end=\"1379\"><p data-start=\"1261\" data-end=\"1379\"><strong data-start=\"1587\" data-end=\"1631\">Kompatybilno\u015b\u0107 z materia\u0142ami zabytkowymi<\/strong> \u2013 nie powoduje p\u0119kni\u0119\u0107, przebarwie\u0144 ani uszkodze\u0144 tynk\u00f3w.<\/p><\/li><\/ul>\t\t\t\t\t\t\t\t<\/div>\n\t\t\t\t<div class=\"elementor-element elementor-element-48df282 elementor-widget elementor-widget-heading\" data-id=\"48df282\" data-element_type=\"widget\" data-widget_type=\"heading.default\">\n\t\t\t\t\t<h2 class=\"elementor-heading-title elementor-size-default\">Paroprzepuszczalna i skuteczna \u2013 bez kompromis\u00f3w<\/h2>\t\t\t\t<\/div>\n\t\t\t\t<div class=\"elementor-element elementor-element-436ff42 elementor-widget elementor-widget-text-editor\" data-id=\"436ff42\" data-element_type=\"widget\" data-widget_type=\"text-editor.default\">\n\t\t\t\t\t\t\t\t\t<p><strong data-start=\"2154\" data-end=\"2180\">Farba grzewcza Carbon4<\/strong> jest <strong data-start=\"2186\" data-end=\"2208\">otwarta dyfuzyjnie<\/strong>, co oznacza, \u017ce wilgo\u0107 mo\u017ce swobodnie odparowywa\u0107 przez powierzchni\u0119 \u015bciany.<br data-start=\"2285\" data-end=\"2288\" \/>Dzi\u0119ki temu eliminowane s\u0105 zjawiska takie jak:<\/p><ul><li data-start=\"2338\" data-end=\"2376\"><p data-start=\"2340\" data-end=\"2376\"><strong data-start=\"2340\" data-end=\"2373\">podci\u0105ganie kapilarne wilgoci<\/strong>,<\/p><\/li><li data-start=\"2377\" data-end=\"2417\"><p data-start=\"2379\" data-end=\"2417\"><strong data-start=\"2379\" data-end=\"2414\">powstawanie mostk\u00f3w termicznych<\/strong>,<\/p><\/li><li data-start=\"2418\" data-end=\"2450\"><p data-start=\"2420\" data-end=\"2450\"><strong data-start=\"2420\" data-end=\"2447\">rozw\u00f3j ple\u015bni i grzyb\u00f3w<\/strong>,<\/p><\/li><li data-start=\"2451\" data-end=\"2498\"><p data-start=\"2453\" data-end=\"2498\"><strong data-start=\"2453\" data-end=\"2495\">nieprzyjemne zapachy w pomieszczeniach<\/strong>.<\/p><p data-start=\"2500\" data-end=\"2622\">Efekt to <strong data-start=\"2509\" data-end=\"2533\">zdrowszy mikroklimat <\/strong>i <strong data-start=\"2552\" data-end=\"2582\">trwa\u0142a ochrona konstrukcji<\/strong> bez konieczno\u015bci generalnego remontu.<\/p><\/li><\/ul>\t\t\t\t\t\t\t\t<\/div>\n\t\t\t\t<div class=\"elementor-element elementor-element-a40dbfc elementor-widget elementor-widget-heading\" data-id=\"a40dbfc\" data-element_type=\"widget\" data-widget_type=\"heading.default\">\n\t\t\t\t\t<h2 class=\"elementor-heading-title elementor-size-default\">Sprawdzone rozwi\u0105zanie w obiektach historycznych<\/h2>\t\t\t\t<\/div>\n\t\t\t\t<div class=\"elementor-element elementor-element-2640e07 elementor-widget elementor-widget-text-editor\" data-id=\"2640e07\" data-element_type=\"widget\" data-widget_type=\"text-editor.default\">\n\t\t\t\t\t\t\t\t\t<p data-start=\"2684\" data-end=\"2981\">Technologia Carbon4 zosta\u0142a z powodzeniem zastosowana w <strong data-start=\"2740\" data-end=\"2771\">wielu budynkach zabytkowych.\u00a0<\/strong><br data-start=\"2827\" data-end=\"2830\" \/>System dzia\u0142a zar\u00f3wno jako <strong data-start=\"2857\" data-end=\"2877\">pe\u0142ne ogrzewanie<\/strong>, jak i <strong data-start=\"2885\" data-end=\"2929\">lokalne rozwi\u0105zanie problem\u00f3w z wilgoci\u0105<\/strong> w piwnicach, ko\u015bcio\u0142ach, muzeach czy kamienicach.<\/p><p data-start=\"2983\" data-end=\"3094\"><strong data-start=\"2983\" data-end=\"3009\">Farba grzewcza Carbon4<\/strong> to po\u0142\u0105czenie <strong data-start=\"3024\" data-end=\"3092\">nowoczesnej technologii z poszanowaniem historii i architektury.<\/strong><\/p>\t\t\t\t\t\t\t\t<\/div>\n\t\t\t\t<div class=\"elementor-element elementor-element-070e969 elementor-widget elementor-widget-heading\" data-id=\"070e969\" data-element_type=\"widget\" data-widget_type=\"heading.default\">\n\t\t\t\t\t<h2 class=\"elementor-heading-title elementor-size-default\">Dlaczego warto postawi\u0107 na Farb\u0119 Grzewcz\u0105?<\/h2>\t\t\t\t<\/div>\n\t\t\t\t\t<\/div>\n\t\t\t\t<\/div>\n\t\t<div class=\"elementor-element elementor-element-5e07a3b e-flex e-con-boxed e-con e-parent\" data-id=\"5e07a3b\" data-element_type=\"container\" data-settings=\"{&quot;_ha_eqh_enable&quot;:false}\">\n\t\t\t\t\t<div class=\"e-con-inner\">\n\t\t\t\t<div class=\"elementor-element elementor-element-8419474 elementor-widget elementor-widget-text-editor\" data-id=\"8419474\" data-element_type=\"widget\" data-widget_type=\"text-editor.default\">\n\t\t\t\t\t\t\t\t\t<ul><li data-start=\"3142\" data-end=\"3208\"><p data-start=\"3144\" data-end=\"3208\">Niewidoczne i bezpieczne ogrzewanie dla obiekt\u00f3w zabytkowych<\/p><\/li><li data-start=\"3142\" data-end=\"3208\"><p data-start=\"3144\" data-end=\"3208\">Brak konieczno\u015bci ingerencji w konstrukcj\u0119 budynku.<\/p><\/li><li data-start=\"3142\" data-end=\"3208\"><p data-start=\"3144\" data-end=\"3208\">Skuteczna likwidacja wilgoci i ochrona przed ple\u015bni\u0105.<\/p><\/li><li data-start=\"3209\" data-end=\"3266\">Energooszcz\u0119dna technologia z szybkim efektem cieplnym.<\/li><li data-start=\"3209\" data-end=\"3266\">Mo\u017cliwo\u015b\u0107 zastosowania w ka\u017cdym rodzaju obiektu \u2013 od nowoczesnych po zabytkowe<\/li><\/ul>\t\t\t\t\t\t\t\t<\/div>\n\t\t\t\t\t<\/div>\n\t\t\t\t<\/div>\n\t\t<div class=\"elementor-element elementor-element-58ba8b7 e-flex e-con-boxed e-con e-parent\" data-id=\"58ba8b7\" data-element_type=\"container\" data-settings=\"{&quot;_ha_eqh_enable&quot;:false}\">\n\t\t\t\t\t<div class=\"e-con-inner\">\n\t\t\t\t\t<\/div>\n\t\t\t\t<\/div>\n\t\t\t\t<\/div>\n\t\t\n    <div class=\"xs_social_share_widget xs_share_url after_content \t\tmain_content  wslu-style-1 wslu-share-box-shaped wslu-fill-colored wslu-none wslu-share-horizontal wslu-theme-font-no wslu-main_content\">\n\n\t\t\n        <ul>\n\t\t\t        <\/ul>\n    <\/div> \n","protected":false},"excerpt":{"rendered":"<p>Rewolucja w ogrzewaniu zabytk\u00f3w i wilgotnych mur\u00f3w Farba grzewcza Carbon4 to innowacyjne rozwi\u0105zanie, kt\u00f3re \u0142\u0105czy technologi\u0119 ogrzewania z estetyk\u0105 i bezpiecze\u0144stwem konstrukcji. W budynkach zabytkowych, gdzie ka\u017cda ingerencja w struktur\u0119 sufit\u00f3w lub \u015bcian jest ograniczona, p\u0142ynna pow\u0142oka grzewcza staje si\u0119 cz\u0119sto jedynym skutecznym sposobem ogrzewania i osuszania bez konieczno\u015bci kucia, wymiany tynk\u00f3w czy instalacji tradycyjnych [&hellip;]<\/p>\n","protected":false},"author":1,"featured_media":0,"parent":0,"menu_order":0,"comment_status":"closed","ping_status":"closed","template":"","meta":{"postBodyCss":"","postBodyMargin":[],"postBodyPadding":[],"postBodyBackground":{"backgroundType":"classic","gradient":""},"footnotes":""},"class_list":["post-557","page","type-page","status-publish","hentry"],"_links":{"self":[{"href":"https:\/\/carbon4polska.pl\/index.php?rest_route=\/wp\/v2\/pages\/557","targetHints":{"allow":["GET"]}}],"collection":[{"href":"https:\/\/carbon4polska.pl\/index.php?rest_route=\/wp\/v2\/pages"}],"about":[{"href":"https:\/\/carbon4polska.pl\/index.php?rest_route=\/wp\/v2\/types\/page"}],"author":[{"embeddable":true,"href":"https:\/\/carbon4polska.pl\/index.php?rest_route=\/wp\/v2\/users\/1"}],"replies":[{"embeddable":true,"href":"https:\/\/carbon4polska.pl\/index.php?rest_route=%2Fwp%2Fv2%2Fcomments&post=557"}],"version-history":[{"count":4,"href":"https:\/\/carbon4polska.pl\/index.php?rest_route=\/wp\/v2\/pages\/557\/revisions"}],"predecessor-version":[{"id":564,"href":"https:\/\/carbon4polska.pl\/index.php?rest_route=\/wp\/v2\/pages\/557\/revisions\/564"}],"wp:attachment":[{"href":"https:\/\/carbon4polska.pl\/index.php?rest_route=%2Fwp%2Fv2%2Fmedia&parent=557"}],"curies":[{"name":"wp","href":"https:\/\/api.w.org\/{rel}","templated":true}]}}